{"id":59,"date":"2015-11-19T11:44:25","date_gmt":"2015-11-19T11:44:25","guid":{"rendered":"https:\/\/gotravelsa.test\/?page_id=59"},"modified":"2016-10-31T14:40:02","modified_gmt":"2016-10-31T14:40:02","slug":"about-us","status":"publish","type":"page","link":"https:\/\/gotravelsa.co.za\/index.php\/about-us\/","title":{"rendered":"About us"},"content":{"rendered":"<p><strong>Planning and booking a holiday<\/strong> in Southern Africa or anywhere in the world, we work hand in hand with our clients. Understanding wishes and needs enables us to provide tailor-made proposals with <strong>personalised itineraries for individual travelers,<\/strong> <strong>exclusive groups and corporate incentive travel.<\/strong> We also offer guided tours in small groups with 14 travellers max. Itineraries cover South Africa, Namibia and include a trip through Zimbabwe.<\/p>\n<p>With our<strong> personalised and professional service<\/strong>, we are your ideal partner for leisure and corporate travel. We offer planning and booking of worldwide flights and flights within Southern Africa that meet your specific travel requirements.<\/p>\n<p>Combined, our small but highly skilled team offers more than 80 years of experience in the travel industry knowing South Africa and its neighbouring countries Namibia, Botswana, Zambia, Zimbabwe and Mozambique as well as the islands of Zanzibar, Seychelles, Mauritius, Madagascar to name a few.<\/p>\n<p>Drei Team-Mitglieder <strong>sprechen Deutsch<\/strong>, sodass wir Ihnen auch in dieser Sprache einen pers\u00f6nlichen Service anbieten k\u00f6nnen. <strong>F\u00fcr Selbstfahrer arbeiten wir detaillierte Reisepl\u00e4ne aus, Ihren W\u00fcnschen und Budget entsprechend.\u00a0<\/strong>Gerne machen wir Sie auf <strong>gef\u00fchrte Touren in Kleingruppen<\/strong> aufmerksam, die an ausgew\u00e4hlten Daten mit deutsch sprechender Reiseleitung angeboten werden.<\/p>\n<p>German Overseas Travel was launched in 1997 and has been recognized ever since for its service excellence, including winning numerous accolades.<\/p>\n<p>German Overseas Travel is a member of IATA (International Air Transport Association) and ASATA\u00a0 (Association of South African Travel Agents).<\/p>\n","protected":false},"excerpt":{"rendered":"<p>Planning and booking a holiday in Southern Africa or anywhere in the world, we work hand in hand with our clients. Understanding wishes and needs enables us to provide tailor-made proposals with personalised itineraries for individual travelers, exclusive groups and corporate incentive travel. We also offer guided tours in small groups with 14 travellers max. [&hellip;]<\/p>\n","protected":false},"author":1,"featured_media":123,"parent":0,"menu_order":0,"comment_status":"closed","ping_status":"closed","template":"","meta":{"_exactmetrics_skip_tracking":false,"_exactmetrics_sitenote_active":false,"_exactmetrics_sitenote_note":"","_exactmetrics_sitenote_category":0,"footnotes":""},"_links":{"self":[{"href":"https:\/\/gotravelsa.co.za\/index.php\/wp-json\/wp\/v2\/pages\/59"}],"collection":[{"href":"https:\/\/gotravelsa.co.za\/index.php\/wp-json\/wp\/v2\/pages"}],"about":[{"href":"https:\/\/gotravelsa.co.za\/index.php\/wp-json\/wp\/v2\/types\/page"}],"author":[{"embeddable":true,"href":"https:\/\/gotravelsa.co.za\/index.php\/wp-json\/wp\/v2\/users\/1"}],"replies":[{"embeddable":true,"href":"https:\/\/gotravelsa.co.za\/index.php\/wp-json\/wp\/v2\/comments?post=59"}],"version-history":[{"count":18,"href":"https:\/\/gotravelsa.co.za\/index.php\/wp-json\/wp\/v2\/pages\/59\/revisions"}],"predecessor-version":[{"id":422,"href":"https:\/\/gotravelsa.co.za\/index.php\/wp-json\/wp\/v2\/pages\/59\/revisions\/422"}],"wp:featuredmedia":[{"embeddable":true,"href":"https:\/\/gotravelsa.co.za\/index.php\/wp-json\/wp\/v2\/media\/123"}],"wp:attachment":[{"href":"https:\/\/gotravelsa.co.za\/index.php\/wp-json\/wp\/v2\/media?parent=59"}],"curies":[{"name":"wp","href":"https:\/\/api.w.org\/{rel}","templated":true}]}}